
{"id":2098,"date":"2025-09-08T18:17:17","date_gmt":"2025-09-08T15:17:17","guid":{"rendered":"https:\/\/bukmeker-world.top\/?page_id=2098"},"modified":"2025-09-08T18:17:17","modified_gmt":"2025-09-08T15:17:17","slug":"ueber-uns","status":"publish","type":"page","link":"https:\/\/bukmeker-world.top\/ueber-uns\/","title":{"rendered":"\u00dcber uns"},"content":{"rendered":"<h1>\u00dcber uns<\/h1>\n<p>Willkommen bei iWild Casino \u2013 einer dynamischen und modernen Plattform f\u00fcr Online-Gl\u00fccksspiele. Wir bieten eine gro\u00dfe Auswahl an Spielautomaten, Tischspielen, Live-Casino-Erlebnissen und exklusiven Bonusaktionen.<\/p>\n<p>Unsere Mission ist es, Spielern ein <strong>sicheres, faires und unterhaltsames Spielumfeld<\/strong> zu bieten. Mit modernster Technologie, einem zuverl\u00e4ssigen Support-Team und klaren Regeln legen wir Wert auf Transparenz und Vertrauen.<\/p>\n<p>Bei iWild Casino stehen <strong>Spielerschutz, Sicherheit und Spa\u00df<\/strong> im Mittelpunkt.<\/p>\n","protected":false},"excerpt":{"rendered":"<p>\u00dcber uns Willkommen bei iWild Casino \u2013 einer dynamischen und modernen Plattform f\u00fcr Online-Gl\u00fccksspiele. Wir bieten eine gro\u00dfe Auswahl an Spielautomaten, Tischspielen, Live-Casino-Erlebnissen und exklusiven Bonusaktionen. Unsere Mission ist es, Spielern ein sicheres, faires und unterhaltsames Spielumfeld zu bieten. Mit modernster Technologie, einem zuverl\u00e4ssigen Support-Team und klaren Regeln legen wir Wert auf Transparenz und Vertrauen. [&hellip;]<\/p>\n","protected":false},"author":1,"featured_media":0,"parent":0,"menu_order":0,"comment_status":"closed","ping_status":"closed","template":"","meta":{"_acf_changed":false,"footnotes":""},"class_list":["post-2098","page","type-page","status-publish","hentry"],"acf":[],"yoast_head":"<!-- This site is optimized with the Yoast SEO plugin v27.3 - https:\/\/yoast.com\/product\/yoast-seo-wordpress\/ -->\n<title>\u00dcber uns - bukmeker-world.top<\/title>\n<meta name=\"robots\" content=\"index, follow, max-snippet:-1, max-image-preview:large, max-video-preview:-1\" \/>\n<link rel=\"canonical\" href=\"https:\/\/bukmeker-world.top\/ueber-uns\/\" \/>\n<meta property=\"og:locale\" content=\"ru_RU\" \/>\n<meta property=\"og:type\" content=\"article\" \/>\n<meta property=\"og:title\" content=\"\u00dcber uns - bukmeker-world.top\" \/>\n<meta property=\"og:description\" content=\"\u00dcber uns Willkommen bei iWild Casino \u2013 einer dynamischen und modernen Plattform f\u00fcr Online-Gl\u00fccksspiele. Wir bieten eine gro\u00dfe Auswahl an Spielautomaten, Tischspielen, Live-Casino-Erlebnissen und exklusiven Bonusaktionen. Unsere Mission ist es, Spielern ein sicheres, faires und unterhaltsames Spielumfeld zu bieten. Mit modernster Technologie, einem zuverl\u00e4ssigen Support-Team und klaren Regeln legen wir Wert auf Transparenz und Vertrauen. [&hellip;]\" \/>\n<meta property=\"og:url\" content=\"https:\/\/bukmeker-world.top\/ueber-uns\/\" \/>\n<meta property=\"og:site_name\" content=\"bukmeker-world.top\" \/>\n<meta name=\"twitter:card\" content=\"summary_large_image\" \/>\n<meta name=\"twitter:label1\" content=\"\u041f\u0440\u0438\u043c\u0435\u0440\u043d\u043e\u0435 \u0432\u0440\u0435\u043c\u044f \u0434\u043b\u044f \u0447\u0442\u0435\u043d\u0438\u044f\" \/>\n\t<meta name=\"twitter:data1\" content=\"1 \u043c\u0438\u043d\u0443\u0442\u0430\" \/>\n<script type=\"application\/ld+json\" class=\"yoast-schema-graph\">{\"@context\":\"https:\\\/\\\/schema.org\",\"@graph\":[{\"@type\":\"WebPage\",\"@id\":\"https:\\\/\\\/bukmeker-world.top\\\/ueber-uns\\\/\",\"url\":\"https:\\\/\\\/bukmeker-world.top\\\/ueber-uns\\\/\",\"name\":\"\u00dcber uns - bukmeker-world.top\",\"isPartOf\":{\"@id\":\"https:\\\/\\\/bukmeker-world.top\\\/#website\"},\"datePublished\":\"2025-09-08T15:17:17+00:00\",\"breadcrumb\":{\"@id\":\"https:\\\/\\\/bukmeker-world.top\\\/ueber-uns\\\/#breadcrumb\"},\"inLanguage\":\"ru-RU\",\"potentialAction\":[{\"@type\":\"ReadAction\",\"target\":[\"https:\\\/\\\/bukmeker-world.top\\\/ueber-uns\\\/\"]}]},{\"@type\":\"BreadcrumbList\",\"@id\":\"https:\\\/\\\/bukmeker-world.top\\\/ueber-uns\\\/#breadcrumb\",\"itemListElement\":[{\"@type\":\"ListItem\",\"position\":1,\"name\":\"\u0413\u043b\u0430\u0432\u043d\u0430\u044f \u0441\u0442\u0440\u0430\u043d\u0438\u0446\u0430\",\"item\":\"https:\\\/\\\/bukmeker-world.top\\\/\"},{\"@type\":\"ListItem\",\"position\":2,\"name\":\"\u00dcber uns\"}]},{\"@type\":\"WebSite\",\"@id\":\"https:\\\/\\\/bukmeker-world.top\\\/#website\",\"url\":\"https:\\\/\\\/bukmeker-world.top\\\/\",\"name\":\"bukmeker-world.top\",\"description\":\"\",\"potentialAction\":[{\"@type\":\"SearchAction\",\"target\":{\"@type\":\"EntryPoint\",\"urlTemplate\":\"https:\\\/\\\/bukmeker-world.top\\\/?s={search_term_string}\"},\"query-input\":{\"@type\":\"PropertyValueSpecification\",\"valueRequired\":true,\"valueName\":\"search_term_string\"}}],\"inLanguage\":\"ru-RU\"}]}<\/script>\n<!-- \/ Yoast SEO plugin. -->","yoast_head_json":{"title":"\u00dcber uns - bukmeker-world.top","robots":{"index":"index","follow":"follow","max-snippet":"max-snippet:-1","max-image-preview":"max-image-preview:large","max-video-preview":"max-video-preview:-1"},"canonical":"https:\/\/bukmeker-world.top\/ueber-uns\/","og_locale":"ru_RU","og_type":"article","og_title":"\u00dcber uns - bukmeker-world.top","og_description":"\u00dcber uns Willkommen bei iWild Casino \u2013 einer dynamischen und modernen Plattform f\u00fcr Online-Gl\u00fccksspiele. Wir bieten eine gro\u00dfe Auswahl an Spielautomaten, Tischspielen, Live-Casino-Erlebnissen und exklusiven Bonusaktionen. Unsere Mission ist es, Spielern ein sicheres, faires und unterhaltsames Spielumfeld zu bieten. Mit modernster Technologie, einem zuverl\u00e4ssigen Support-Team und klaren Regeln legen wir Wert auf Transparenz und Vertrauen. [&hellip;]","og_url":"https:\/\/bukmeker-world.top\/ueber-uns\/","og_site_name":"bukmeker-world.top","twitter_card":"summary_large_image","twitter_misc":{"\u041f\u0440\u0438\u043c\u0435\u0440\u043d\u043e\u0435 \u0432\u0440\u0435\u043c\u044f \u0434\u043b\u044f \u0447\u0442\u0435\u043d\u0438\u044f":"1 \u043c\u0438\u043d\u0443\u0442\u0430"},"schema":{"@context":"https:\/\/schema.org","@graph":[{"@type":"WebPage","@id":"https:\/\/bukmeker-world.top\/ueber-uns\/","url":"https:\/\/bukmeker-world.top\/ueber-uns\/","name":"\u00dcber uns - bukmeker-world.top","isPartOf":{"@id":"https:\/\/bukmeker-world.top\/#website"},"datePublished":"2025-09-08T15:17:17+00:00","breadcrumb":{"@id":"https:\/\/bukmeker-world.top\/ueber-uns\/#breadcrumb"},"inLanguage":"ru-RU","potentialAction":[{"@type":"ReadAction","target":["https:\/\/bukmeker-world.top\/ueber-uns\/"]}]},{"@type":"BreadcrumbList","@id":"https:\/\/bukmeker-world.top\/ueber-uns\/#breadcrumb","itemListElement":[{"@type":"ListItem","position":1,"name":"\u0413\u043b\u0430\u0432\u043d\u0430\u044f \u0441\u0442\u0440\u0430\u043d\u0438\u0446\u0430","item":"https:\/\/bukmeker-world.top\/"},{"@type":"ListItem","position":2,"name":"\u00dcber uns"}]},{"@type":"WebSite","@id":"https:\/\/bukmeker-world.top\/#website","url":"https:\/\/bukmeker-world.top\/","name":"bukmeker-world.top","description":"","potentialAction":[{"@type":"SearchAction","target":{"@type":"EntryPoint","urlTemplate":"https:\/\/bukmeker-world.top\/?s={search_term_string}"},"query-input":{"@type":"PropertyValueSpecification","valueRequired":true,"valueName":"search_term_string"}}],"inLanguage":"ru-RU"}]}},"amp_enabled":true,"_links":{"self":[{"href":"https:\/\/bukmeker-world.top\/wp-json\/wp\/v2\/pages\/2098","targetHints":{"allow":["GET"]}}],"collection":[{"href":"https:\/\/bukmeker-world.top\/wp-json\/wp\/v2\/pages"}],"about":[{"href":"https:\/\/bukmeker-world.top\/wp-json\/wp\/v2\/types\/page"}],"author":[{"embeddable":true,"href":"https:\/\/bukmeker-world.top\/wp-json\/wp\/v2\/users\/1"}],"replies":[{"embeddable":true,"href":"https:\/\/bukmeker-world.top\/wp-json\/wp\/v2\/comments?post=2098"}],"version-history":[{"count":1,"href":"https:\/\/bukmeker-world.top\/wp-json\/wp\/v2\/pages\/2098\/revisions"}],"predecessor-version":[{"id":2099,"href":"https:\/\/bukmeker-world.top\/wp-json\/wp\/v2\/pages\/2098\/revisions\/2099"}],"wp:attachment":[{"href":"https:\/\/bukmeker-world.top\/wp-json\/wp\/v2\/media?parent=2098"}],"curies":[{"name":"wp","href":"https:\/\/api.w.org\/{rel}","templated":true}]}}