
{"id":2096,"date":"2025-09-08T18:16:58","date_gmt":"2025-09-08T15:16:58","guid":{"rendered":"https:\/\/bukmeker-world.top\/?page_id=2096"},"modified":"2025-09-08T18:16:58","modified_gmt":"2025-09-08T15:16:58","slug":"verantwortungsbewusstes-spielen","status":"publish","type":"page","link":"https:\/\/bukmeker-world.top\/verantwortungsbewusstes-spielen\/","title":{"rendered":"Verantwortungsbewusstes Spielen"},"content":{"rendered":"<h1>Verantwortungsbewusstes Spielen<\/h1>\n<p>iWild Casino unterst\u00fctzt verantwortungsvolles Spielen und m\u00f6chte, dass Gl\u00fccksspiel eine positive Erfahrung bleibt.<\/p>\n<ul>\n<li>Gl\u00fccksspiel sollte ausschlie\u00dflich der Unterhaltung dienen.<\/li>\n<li>Spielen Sie niemals mit Geld, das Sie f\u00fcr wichtige Ausgaben ben\u00f6tigen.<\/li>\n<li>Nutzen Sie unsere Limits f\u00fcr Einzahlungen, Verluste und Spielzeiten.<\/li>\n<li>Spieler unter 18 Jahren haben keinen Zugang zu unseren Diensten.<\/li>\n<li>Sollten Sie Probleme beim Spielverhalten feststellen, wenden Sie sich bitte an professionelle Hilfsdienste f\u00fcr Spielsucht.<\/li>\n<\/ul>\n","protected":false},"excerpt":{"rendered":"<p>Verantwortungsbewusstes Spielen iWild Casino unterst\u00fctzt verantwortungsvolles Spielen und m\u00f6chte, dass Gl\u00fccksspiel eine positive Erfahrung bleibt. Gl\u00fccksspiel sollte ausschlie\u00dflich der Unterhaltung dienen. Spielen Sie niemals mit Geld, das Sie f\u00fcr wichtige Ausgaben ben\u00f6tigen. Nutzen Sie unsere Limits f\u00fcr Einzahlungen, Verluste und Spielzeiten. Spieler unter 18 Jahren haben keinen Zugang zu unseren Diensten. Sollten Sie Probleme beim [&hellip;]<\/p>\n","protected":false},"author":1,"featured_media":0,"parent":0,"menu_order":0,"comment_status":"closed","ping_status":"closed","template":"","meta":{"_acf_changed":false,"footnotes":""},"class_list":["post-2096","page","type-page","status-publish","hentry"],"acf":[],"yoast_head":"<!-- This site is optimized with the Yoast SEO plugin v27.3 - https:\/\/yoast.com\/product\/yoast-seo-wordpress\/ -->\n<title>Verantwortungsbewusstes Spielen - bukmeker-world.top<\/title>\n<meta name=\"robots\" content=\"index, follow, max-snippet:-1, max-image-preview:large, max-video-preview:-1\" \/>\n<link rel=\"canonical\" href=\"https:\/\/bukmeker-world.top\/verantwortungsbewusstes-spielen\/\" \/>\n<meta property=\"og:locale\" content=\"ru_RU\" \/>\n<meta property=\"og:type\" content=\"article\" \/>\n<meta property=\"og:title\" content=\"Verantwortungsbewusstes Spielen - bukmeker-world.top\" \/>\n<meta property=\"og:description\" content=\"Verantwortungsbewusstes Spielen iWild Casino unterst\u00fctzt verantwortungsvolles Spielen und m\u00f6chte, dass Gl\u00fccksspiel eine positive Erfahrung bleibt. Gl\u00fccksspiel sollte ausschlie\u00dflich der Unterhaltung dienen. Spielen Sie niemals mit Geld, das Sie f\u00fcr wichtige Ausgaben ben\u00f6tigen. Nutzen Sie unsere Limits f\u00fcr Einzahlungen, Verluste und Spielzeiten. Spieler unter 18 Jahren haben keinen Zugang zu unseren Diensten. Sollten Sie Probleme beim [&hellip;]\" \/>\n<meta property=\"og:url\" content=\"https:\/\/bukmeker-world.top\/verantwortungsbewusstes-spielen\/\" \/>\n<meta property=\"og:site_name\" content=\"bukmeker-world.top\" \/>\n<meta name=\"twitter:card\" content=\"summary_large_image\" \/>\n<meta name=\"twitter:label1\" content=\"\u041f\u0440\u0438\u043c\u0435\u0440\u043d\u043e\u0435 \u0432\u0440\u0435\u043c\u044f \u0434\u043b\u044f \u0447\u0442\u0435\u043d\u0438\u044f\" \/>\n\t<meta name=\"twitter:data1\" content=\"1 \u043c\u0438\u043d\u0443\u0442\u0430\" \/>\n<script type=\"application\/ld+json\" class=\"yoast-schema-graph\">{\"@context\":\"https:\\\/\\\/schema.org\",\"@graph\":[{\"@type\":\"WebPage\",\"@id\":\"https:\\\/\\\/bukmeker-world.top\\\/verantwortungsbewusstes-spielen\\\/\",\"url\":\"https:\\\/\\\/bukmeker-world.top\\\/verantwortungsbewusstes-spielen\\\/\",\"name\":\"Verantwortungsbewusstes Spielen - bukmeker-world.top\",\"isPartOf\":{\"@id\":\"https:\\\/\\\/bukmeker-world.top\\\/#website\"},\"datePublished\":\"2025-09-08T15:16:58+00:00\",\"breadcrumb\":{\"@id\":\"https:\\\/\\\/bukmeker-world.top\\\/verantwortungsbewusstes-spielen\\\/#breadcrumb\"},\"inLanguage\":\"ru-RU\",\"potentialAction\":[{\"@type\":\"ReadAction\",\"target\":[\"https:\\\/\\\/bukmeker-world.top\\\/verantwortungsbewusstes-spielen\\\/\"]}]},{\"@type\":\"BreadcrumbList\",\"@id\":\"https:\\\/\\\/bukmeker-world.top\\\/verantwortungsbewusstes-spielen\\\/#breadcrumb\",\"itemListElement\":[{\"@type\":\"ListItem\",\"position\":1,\"name\":\"\u0413\u043b\u0430\u0432\u043d\u0430\u044f \u0441\u0442\u0440\u0430\u043d\u0438\u0446\u0430\",\"item\":\"https:\\\/\\\/bukmeker-world.top\\\/\"},{\"@type\":\"ListItem\",\"position\":2,\"name\":\"Verantwortungsbewusstes Spielen\"}]},{\"@type\":\"WebSite\",\"@id\":\"https:\\\/\\\/bukmeker-world.top\\\/#website\",\"url\":\"https:\\\/\\\/bukmeker-world.top\\\/\",\"name\":\"bukmeker-world.top\",\"description\":\"\",\"potentialAction\":[{\"@type\":\"SearchAction\",\"target\":{\"@type\":\"EntryPoint\",\"urlTemplate\":\"https:\\\/\\\/bukmeker-world.top\\\/?s={search_term_string}\"},\"query-input\":{\"@type\":\"PropertyValueSpecification\",\"valueRequired\":true,\"valueName\":\"search_term_string\"}}],\"inLanguage\":\"ru-RU\"}]}<\/script>\n<!-- \/ Yoast SEO plugin. -->","yoast_head_json":{"title":"Verantwortungsbewusstes Spielen - bukmeker-world.top","robots":{"index":"index","follow":"follow","max-snippet":"max-snippet:-1","max-image-preview":"max-image-preview:large","max-video-preview":"max-video-preview:-1"},"canonical":"https:\/\/bukmeker-world.top\/verantwortungsbewusstes-spielen\/","og_locale":"ru_RU","og_type":"article","og_title":"Verantwortungsbewusstes Spielen - bukmeker-world.top","og_description":"Verantwortungsbewusstes Spielen iWild Casino unterst\u00fctzt verantwortungsvolles Spielen und m\u00f6chte, dass Gl\u00fccksspiel eine positive Erfahrung bleibt. Gl\u00fccksspiel sollte ausschlie\u00dflich der Unterhaltung dienen. Spielen Sie niemals mit Geld, das Sie f\u00fcr wichtige Ausgaben ben\u00f6tigen. Nutzen Sie unsere Limits f\u00fcr Einzahlungen, Verluste und Spielzeiten. Spieler unter 18 Jahren haben keinen Zugang zu unseren Diensten. Sollten Sie Probleme beim [&hellip;]","og_url":"https:\/\/bukmeker-world.top\/verantwortungsbewusstes-spielen\/","og_site_name":"bukmeker-world.top","twitter_card":"summary_large_image","twitter_misc":{"\u041f\u0440\u0438\u043c\u0435\u0440\u043d\u043e\u0435 \u0432\u0440\u0435\u043c\u044f \u0434\u043b\u044f \u0447\u0442\u0435\u043d\u0438\u044f":"1 \u043c\u0438\u043d\u0443\u0442\u0430"},"schema":{"@context":"https:\/\/schema.org","@graph":[{"@type":"WebPage","@id":"https:\/\/bukmeker-world.top\/verantwortungsbewusstes-spielen\/","url":"https:\/\/bukmeker-world.top\/verantwortungsbewusstes-spielen\/","name":"Verantwortungsbewusstes Spielen - bukmeker-world.top","isPartOf":{"@id":"https:\/\/bukmeker-world.top\/#website"},"datePublished":"2025-09-08T15:16:58+00:00","breadcrumb":{"@id":"https:\/\/bukmeker-world.top\/verantwortungsbewusstes-spielen\/#breadcrumb"},"inLanguage":"ru-RU","potentialAction":[{"@type":"ReadAction","target":["https:\/\/bukmeker-world.top\/verantwortungsbewusstes-spielen\/"]}]},{"@type":"BreadcrumbList","@id":"https:\/\/bukmeker-world.top\/verantwortungsbewusstes-spielen\/#breadcrumb","itemListElement":[{"@type":"ListItem","position":1,"name":"\u0413\u043b\u0430\u0432\u043d\u0430\u044f \u0441\u0442\u0440\u0430\u043d\u0438\u0446\u0430","item":"https:\/\/bukmeker-world.top\/"},{"@type":"ListItem","position":2,"name":"Verantwortungsbewusstes Spielen"}]},{"@type":"WebSite","@id":"https:\/\/bukmeker-world.top\/#website","url":"https:\/\/bukmeker-world.top\/","name":"bukmeker-world.top","description":"","potentialAction":[{"@type":"SearchAction","target":{"@type":"EntryPoint","urlTemplate":"https:\/\/bukmeker-world.top\/?s={search_term_string}"},"query-input":{"@type":"PropertyValueSpecification","valueRequired":true,"valueName":"search_term_string"}}],"inLanguage":"ru-RU"}]}},"amp_enabled":true,"_links":{"self":[{"href":"https:\/\/bukmeker-world.top\/wp-json\/wp\/v2\/pages\/2096","targetHints":{"allow":["GET"]}}],"collection":[{"href":"https:\/\/bukmeker-world.top\/wp-json\/wp\/v2\/pages"}],"about":[{"href":"https:\/\/bukmeker-world.top\/wp-json\/wp\/v2\/types\/page"}],"author":[{"embeddable":true,"href":"https:\/\/bukmeker-world.top\/wp-json\/wp\/v2\/users\/1"}],"replies":[{"embeddable":true,"href":"https:\/\/bukmeker-world.top\/wp-json\/wp\/v2\/comments?post=2096"}],"version-history":[{"count":1,"href":"https:\/\/bukmeker-world.top\/wp-json\/wp\/v2\/pages\/2096\/revisions"}],"predecessor-version":[{"id":2097,"href":"https:\/\/bukmeker-world.top\/wp-json\/wp\/v2\/pages\/2096\/revisions\/2097"}],"wp:attachment":[{"href":"https:\/\/bukmeker-world.top\/wp-json\/wp\/v2\/media?parent=2096"}],"curies":[{"name":"wp","href":"https:\/\/api.w.org\/{rel}","templated":true}]}}