
{"id":2094,"date":"2025-09-08T18:16:40","date_gmt":"2025-09-08T15:16:40","guid":{"rendered":"https:\/\/bukmeker-world.top\/?page_id=2094"},"modified":"2025-09-08T18:16:40","modified_gmt":"2025-09-08T15:16:40","slug":"datenschutzrichtlinie","status":"publish","type":"page","link":"https:\/\/bukmeker-world.top\/datenschutzrichtlinie\/","title":{"rendered":"Datenschutzrichtlinie"},"content":{"rendered":"<h1>Datenschutzrichtlinie von iWild Casino<\/h1>\n<p>iWild Casino verpflichtet sich, Ihre Privatsph\u00e4re zu sch\u00fctzen und den verantwortungsvollen Umgang mit Ihren pers\u00f6nlichen Daten sicherzustellen. Diese Richtlinie erkl\u00e4rt, wie wir Informationen sammeln, verwenden und sch\u00fctzen.<\/p>\n<h3>1. Welche Daten wir sammeln<\/h3>\n<ul>\n<li>Pers\u00f6nliche Daten: Name, Geburtsdatum, Adresse, Telefonnummer, E-Mail.<\/li>\n<li>Finanzdaten: Zahlungsinformationen f\u00fcr Ein- und Auszahlungen.<\/li>\n<li>Technische Daten: IP-Adresse, Browser- und Ger\u00e4teinformationen, Cookies.<\/li>\n<\/ul>\n<h3>2. Nutzung Ihrer Daten<\/h3>\n<p>Ihre Daten werden verwendet, um:<\/p>\n<ul>\n<li>ein sicheres Spielerlebnis zu gew\u00e4hrleisten,<\/li>\n<li>Zahlungen zu verarbeiten,<\/li>\n<li>Ihr Konto zu verwalten,<\/li>\n<li>gesetzliche Vorschriften einzuhalten,<\/li>\n<li>personalisierte Angebote bereitzustellen.<\/li>\n<\/ul>\n<h3>3. Schutz Ihrer Daten<\/h3>\n<p>Wir nutzen moderne Verschl\u00fcsselungs- und Sicherheitstechnologien, um Ihre Daten jederzeit vor unbefugtem Zugriff zu sch\u00fctzen.<\/p>\n<h3>4. Weitergabe an Dritte<\/h3>\n<p>Ihre Daten werden nicht verkauft. Eine Weitergabe erfolgt nur, wenn dies f\u00fcr die Dienstleistung notwendig ist oder gesetzlich vorgeschrieben wird.<\/p>\n","protected":false},"excerpt":{"rendered":"<p>Datenschutzrichtlinie von iWild Casino iWild Casino verpflichtet sich, Ihre Privatsph\u00e4re zu sch\u00fctzen und den verantwortungsvollen Umgang mit Ihren pers\u00f6nlichen Daten sicherzustellen. Diese Richtlinie erkl\u00e4rt, wie wir Informationen sammeln, verwenden und sch\u00fctzen. 1. Welche Daten wir sammeln Pers\u00f6nliche Daten: Name, Geburtsdatum, Adresse, Telefonnummer, E-Mail. Finanzdaten: Zahlungsinformationen f\u00fcr Ein- und Auszahlungen. Technische Daten: IP-Adresse, Browser- und Ger\u00e4teinformationen, [&hellip;]<\/p>\n","protected":false},"author":1,"featured_media":0,"parent":0,"menu_order":0,"comment_status":"closed","ping_status":"closed","template":"","meta":{"_acf_changed":false,"footnotes":""},"class_list":["post-2094","page","type-page","status-publish","hentry"],"acf":[],"yoast_head":"<!-- This site is optimized with the Yoast SEO plugin v27.3 - https:\/\/yoast.com\/product\/yoast-seo-wordpress\/ -->\n<title>Datenschutzrichtlinie - bukmeker-world.top<\/title>\n<meta name=\"robots\" content=\"index, follow, max-snippet:-1, max-image-preview:large, max-video-preview:-1\" \/>\n<link rel=\"canonical\" href=\"https:\/\/bukmeker-world.top\/datenschutzrichtlinie\/\" \/>\n<meta property=\"og:locale\" content=\"ru_RU\" \/>\n<meta property=\"og:type\" content=\"article\" \/>\n<meta property=\"og:title\" content=\"Datenschutzrichtlinie - bukmeker-world.top\" \/>\n<meta property=\"og:description\" content=\"Datenschutzrichtlinie von iWild Casino iWild Casino verpflichtet sich, Ihre Privatsph\u00e4re zu sch\u00fctzen und den verantwortungsvollen Umgang mit Ihren pers\u00f6nlichen Daten sicherzustellen. Diese Richtlinie erkl\u00e4rt, wie wir Informationen sammeln, verwenden und sch\u00fctzen. 1. Welche Daten wir sammeln Pers\u00f6nliche Daten: Name, Geburtsdatum, Adresse, Telefonnummer, E-Mail. Finanzdaten: Zahlungsinformationen f\u00fcr Ein- und Auszahlungen. Technische Daten: IP-Adresse, Browser- und Ger\u00e4teinformationen, [&hellip;]\" \/>\n<meta property=\"og:url\" content=\"https:\/\/bukmeker-world.top\/datenschutzrichtlinie\/\" \/>\n<meta property=\"og:site_name\" content=\"bukmeker-world.top\" \/>\n<meta name=\"twitter:card\" content=\"summary_large_image\" \/>\n<meta name=\"twitter:label1\" content=\"\u041f\u0440\u0438\u043c\u0435\u0440\u043d\u043e\u0435 \u0432\u0440\u0435\u043c\u044f \u0434\u043b\u044f \u0447\u0442\u0435\u043d\u0438\u044f\" \/>\n\t<meta name=\"twitter:data1\" content=\"1 \u043c\u0438\u043d\u0443\u0442\u0430\" \/>\n<script type=\"application\/ld+json\" class=\"yoast-schema-graph\">{\"@context\":\"https:\\\/\\\/schema.org\",\"@graph\":[{\"@type\":\"WebPage\",\"@id\":\"https:\\\/\\\/bukmeker-world.top\\\/datenschutzrichtlinie\\\/\",\"url\":\"https:\\\/\\\/bukmeker-world.top\\\/datenschutzrichtlinie\\\/\",\"name\":\"Datenschutzrichtlinie - bukmeker-world.top\",\"isPartOf\":{\"@id\":\"https:\\\/\\\/bukmeker-world.top\\\/#website\"},\"datePublished\":\"2025-09-08T15:16:40+00:00\",\"breadcrumb\":{\"@id\":\"https:\\\/\\\/bukmeker-world.top\\\/datenschutzrichtlinie\\\/#breadcrumb\"},\"inLanguage\":\"ru-RU\",\"potentialAction\":[{\"@type\":\"ReadAction\",\"target\":[\"https:\\\/\\\/bukmeker-world.top\\\/datenschutzrichtlinie\\\/\"]}]},{\"@type\":\"BreadcrumbList\",\"@id\":\"https:\\\/\\\/bukmeker-world.top\\\/datenschutzrichtlinie\\\/#breadcrumb\",\"itemListElement\":[{\"@type\":\"ListItem\",\"position\":1,\"name\":\"\u0413\u043b\u0430\u0432\u043d\u0430\u044f \u0441\u0442\u0440\u0430\u043d\u0438\u0446\u0430\",\"item\":\"https:\\\/\\\/bukmeker-world.top\\\/\"},{\"@type\":\"ListItem\",\"position\":2,\"name\":\"Datenschutzrichtlinie\"}]},{\"@type\":\"WebSite\",\"@id\":\"https:\\\/\\\/bukmeker-world.top\\\/#website\",\"url\":\"https:\\\/\\\/bukmeker-world.top\\\/\",\"name\":\"bukmeker-world.top\",\"description\":\"\",\"potentialAction\":[{\"@type\":\"SearchAction\",\"target\":{\"@type\":\"EntryPoint\",\"urlTemplate\":\"https:\\\/\\\/bukmeker-world.top\\\/?s={search_term_string}\"},\"query-input\":{\"@type\":\"PropertyValueSpecification\",\"valueRequired\":true,\"valueName\":\"search_term_string\"}}],\"inLanguage\":\"ru-RU\"}]}<\/script>\n<!-- \/ Yoast SEO plugin. -->","yoast_head_json":{"title":"Datenschutzrichtlinie - bukmeker-world.top","robots":{"index":"index","follow":"follow","max-snippet":"max-snippet:-1","max-image-preview":"max-image-preview:large","max-video-preview":"max-video-preview:-1"},"canonical":"https:\/\/bukmeker-world.top\/datenschutzrichtlinie\/","og_locale":"ru_RU","og_type":"article","og_title":"Datenschutzrichtlinie - bukmeker-world.top","og_description":"Datenschutzrichtlinie von iWild Casino iWild Casino verpflichtet sich, Ihre Privatsph\u00e4re zu sch\u00fctzen und den verantwortungsvollen Umgang mit Ihren pers\u00f6nlichen Daten sicherzustellen. Diese Richtlinie erkl\u00e4rt, wie wir Informationen sammeln, verwenden und sch\u00fctzen. 1. Welche Daten wir sammeln Pers\u00f6nliche Daten: Name, Geburtsdatum, Adresse, Telefonnummer, E-Mail. Finanzdaten: Zahlungsinformationen f\u00fcr Ein- und Auszahlungen. Technische Daten: IP-Adresse, Browser- und Ger\u00e4teinformationen, [&hellip;]","og_url":"https:\/\/bukmeker-world.top\/datenschutzrichtlinie\/","og_site_name":"bukmeker-world.top","twitter_card":"summary_large_image","twitter_misc":{"\u041f\u0440\u0438\u043c\u0435\u0440\u043d\u043e\u0435 \u0432\u0440\u0435\u043c\u044f \u0434\u043b\u044f \u0447\u0442\u0435\u043d\u0438\u044f":"1 \u043c\u0438\u043d\u0443\u0442\u0430"},"schema":{"@context":"https:\/\/schema.org","@graph":[{"@type":"WebPage","@id":"https:\/\/bukmeker-world.top\/datenschutzrichtlinie\/","url":"https:\/\/bukmeker-world.top\/datenschutzrichtlinie\/","name":"Datenschutzrichtlinie - bukmeker-world.top","isPartOf":{"@id":"https:\/\/bukmeker-world.top\/#website"},"datePublished":"2025-09-08T15:16:40+00:00","breadcrumb":{"@id":"https:\/\/bukmeker-world.top\/datenschutzrichtlinie\/#breadcrumb"},"inLanguage":"ru-RU","potentialAction":[{"@type":"ReadAction","target":["https:\/\/bukmeker-world.top\/datenschutzrichtlinie\/"]}]},{"@type":"BreadcrumbList","@id":"https:\/\/bukmeker-world.top\/datenschutzrichtlinie\/#breadcrumb","itemListElement":[{"@type":"ListItem","position":1,"name":"\u0413\u043b\u0430\u0432\u043d\u0430\u044f \u0441\u0442\u0440\u0430\u043d\u0438\u0446\u0430","item":"https:\/\/bukmeker-world.top\/"},{"@type":"ListItem","position":2,"name":"Datenschutzrichtlinie"}]},{"@type":"WebSite","@id":"https:\/\/bukmeker-world.top\/#website","url":"https:\/\/bukmeker-world.top\/","name":"bukmeker-world.top","description":"","potentialAction":[{"@type":"SearchAction","target":{"@type":"EntryPoint","urlTemplate":"https:\/\/bukmeker-world.top\/?s={search_term_string}"},"query-input":{"@type":"PropertyValueSpecification","valueRequired":true,"valueName":"search_term_string"}}],"inLanguage":"ru-RU"}]}},"amp_enabled":true,"_links":{"self":[{"href":"https:\/\/bukmeker-world.top\/wp-json\/wp\/v2\/pages\/2094","targetHints":{"allow":["GET"]}}],"collection":[{"href":"https:\/\/bukmeker-world.top\/wp-json\/wp\/v2\/pages"}],"about":[{"href":"https:\/\/bukmeker-world.top\/wp-json\/wp\/v2\/types\/page"}],"author":[{"embeddable":true,"href":"https:\/\/bukmeker-world.top\/wp-json\/wp\/v2\/users\/1"}],"replies":[{"embeddable":true,"href":"https:\/\/bukmeker-world.top\/wp-json\/wp\/v2\/comments?post=2094"}],"version-history":[{"count":1,"href":"https:\/\/bukmeker-world.top\/wp-json\/wp\/v2\/pages\/2094\/revisions"}],"predecessor-version":[{"id":2095,"href":"https:\/\/bukmeker-world.top\/wp-json\/wp\/v2\/pages\/2094\/revisions\/2095"}],"wp:attachment":[{"href":"https:\/\/bukmeker-world.top\/wp-json\/wp\/v2\/media?parent=2094"}],"curies":[{"name":"wp","href":"https:\/\/api.w.org\/{rel}","templated":true}]}}